{"id":8,"date":"2017-03-17T11:22:36","date_gmt":"2017-03-17T10:22:36","guid":{"rendered":"https:\/\/pepinieres-entreprises.est-ensemble.fr\/montreuil\/?page_id=8"},"modified":"2025-04-15T12:11:15","modified_gmt":"2025-04-15T10:11:15","slug":"les-entreprises","status":"publish","type":"page","link":"https:\/\/pepinieres-entreprises.est-ensemble.fr\/montreuil\/les-entreprises\/","title":{"rendered":"LES ENTREPRISES"},"content":{"rendered":"<h1>Les entreprises de la p\u00e9pini\u00e8re, un r\u00e9seau dynamique<\/h1>\n<p>Bien ancr\u00e9 dans son <strong>bassin \u00e9conomique<\/strong>, l\u2019Atrium offre la possibilit\u00e9 aux entreprises de la p\u00e9pini\u00e8re de s\u2019immerger dans un <strong>\u00e9cosyst\u00e8me territorial diversifi\u00e9 et dynamique<\/strong>, \u00e0 l\u2019\u00e9chelle de l\u2019intercommunalit\u00e9, compos\u00e9 de grands groupes, de start-up, d\u2019entreprises industrielles, d\u2019acteurs de l\u2019\u00e9conomie num\u00e9rique et de la cr\u00e9ation&#8230;<\/p>\n","protected":false},"excerpt":{"rendered":"<p>Les entreprises de la p\u00e9pini\u00e8re, un r\u00e9seau dynamique Bien ancr\u00e9 dans son bassin \u00e9conomique, l\u2019Atrium offre la possibilit\u00e9 aux entreprises de la p\u00e9pini\u00e8re de s\u2019immerger dans un \u00e9cosyst\u00e8me territorial diversifi\u00e9 et dynamique, \u00e0 l\u2019\u00e9chelle de l\u2019intercommunalit\u00e9, compos\u00e9 de grands groupes, de start-up, d\u2019entreprises industrielles, d\u2019acteurs de l\u2019\u00e9conomie num\u00e9rique et de la cr\u00e9ation&#8230;<\/p>\n","protected":false},"author":1,"featured_media":207,"parent":0,"menu_order":2,"comment_status":"closed","ping_status":"closed","template":"","meta":{"_acf_changed":false,"footnotes":""},"class_list":["post-8","page","type-page","status-publish","has-post-thumbnail","hentry"],"acf":[],"_links":{"self":[{"href":"https:\/\/pepinieres-entreprises.est-ensemble.fr\/montreuil\/wp-json\/wp\/v2\/pages\/8","targetHints":{"allow":["GET"]}}],"collection":[{"href":"https:\/\/pepinieres-entreprises.est-ensemble.fr\/montreuil\/wp-json\/wp\/v2\/pages"}],"about":[{"href":"https:\/\/pepinieres-entreprises.est-ensemble.fr\/montreuil\/wp-json\/wp\/v2\/types\/page"}],"author":[{"embeddable":true,"href":"https:\/\/pepinieres-entreprises.est-ensemble.fr\/montreuil\/wp-json\/wp\/v2\/users\/1"}],"replies":[{"embeddable":true,"href":"https:\/\/pepinieres-entreprises.est-ensemble.fr\/montreuil\/wp-json\/wp\/v2\/comments?post=8"}],"version-history":[{"count":6,"href":"https:\/\/pepinieres-entreprises.est-ensemble.fr\/montreuil\/wp-json\/wp\/v2\/pages\/8\/revisions"}],"predecessor-version":[{"id":1080,"href":"https:\/\/pepinieres-entreprises.est-ensemble.fr\/montreuil\/wp-json\/wp\/v2\/pages\/8\/revisions\/1080"}],"wp:featuredmedia":[{"embeddable":true,"href":"https:\/\/pepinieres-entreprises.est-ensemble.fr\/montreuil\/wp-json\/wp\/v2\/media\/207"}],"wp:attachment":[{"href":"https:\/\/pepinieres-entreprises.est-ensemble.fr\/montreuil\/wp-json\/wp\/v2\/media?parent=8"}],"curies":[{"name":"wp","href":"https:\/\/api.w.org\/{rel}","templated":true}]}}