{"id":33,"date":"2017-03-22T15:05:15","date_gmt":"2017-03-22T14:05:15","guid":{"rendered":"https:\/\/pepinieres-entreprises.est-ensemble.fr\/montreuil\/?page_id=33"},"modified":"2026-02-18T15:01:00","modified_gmt":"2026-02-18T14:01:00","slug":"mentions-legales","status":"publish","type":"page","link":"https:\/\/pepinieres-entreprises.est-ensemble.fr\/montreuil\/mentions-legales\/","title":{"rendered":"Mentions l\u00e9gales"},"content":{"rendered":"<h2>H\u00e9bergement<\/h2>\n<p>VULTR (vultr.com)<br \/>\n100 Matawan Rd<br \/>\nSuite 420<br \/>\nMatawan, NJ 07747,\u00a0USA<\/p>\n<p>Maintenu par :<\/p>\n<p>EDLEFEBVRE EURL<br \/>\n5 rue Emile Masqueray<br \/>\n76100 ROUEN<\/p>\n<p>&nbsp;<\/p>\n<h2>D\u00e9claration \u00e0 la CNIL<\/h2>\n<p>Le site internet P\u00e9pini\u00e8re d&rsquo;entreprises d\u2019Est Ensemble entre dans le cadre de la dispense n\u00b07 (ancienne norme simplifi\u00e9e n\u00b015) concernant les traitements de donn\u00e9es personnelles mis en \u0153uvre par tout organisme priv\u00e9 ou public \u00e0 des fins d\u2019information et de communication externe. Elle s\u2019applique aux sites internet institutionnels et aux fichiers de contacts.<\/p>\n<p>Voir <a href=\"https:\/\/www.est-ensemble.fr\/sites\/default\/files\/cnil-estensemble.pdf\">la dispense de d\u00e9claration \u00e0 la CNIL<\/a>.<\/p>\n<p>&nbsp;<\/p>\n<h2>Liens hypertextes<\/h2>\n<p>Les liens hypertextes pointant vers le contenu des sites externes n\u2019engagent en aucun cas la responsabilit\u00e9 d&rsquo;Est Ensemble.<\/p>\n<p>Toute utilisation de liens vers le site d&rsquo;Est Ensemble ne pourra \u00eatre faite sans autorisation pr\u00e9alable de du directeur de la publication, G\u00e9rard Cosme, Pr\u00e9sident d\u2019Est Ensemble.<\/p>\n<p>&nbsp;<\/p>\n<h2>Droit d\u2019auteur \u2013 copyright<\/h2>\n<p>L\u2019ensemble de ce site rel\u00e8ve de la l\u00e9gislation fran\u00e7aise et internationale sur le droit d\u2019auteur et de la propri\u00e9t\u00e9 intellectuelle, aussi bien en ce qui concerne sa forme, qu\u2019en ce qui concerne chacun des<\/p>\n<p>\u00e9l\u00e9ments de son contenu.<\/p>\n<p>Toutes reproductions, de tout ou partie de ce site, sont formellement interdites sauf autorisation pr\u00e9alable du directeur de la publication. L\u2019atteinte \u00e0 quelconque de ses droits est constitutive du d\u00e9lit p\u00e9nal de contrefa\u00e7on (art. L 335-1 \u00e0 335-10 du Code de la propri\u00e9t\u00e9 intellectuelle) et passible d\u2019un peine d\u2019emprisonnement de deux ans et de 150 000 \u20ac d\u2019amende.<\/p>\n<p>&nbsp;<\/p>\n<h2>Droit d\u2019acc\u00e8s au fichier informatis\u00e9<\/h2>\n<p>Sur toutes les informations priv\u00e9es via des formulaires pr\u00e9sents sur ce site, vous disposez d\u2019un droit d\u2019acc\u00e8s, de modification, de rectification et de suppression de ces donn\u00e9es qui vous concernent, conform\u00e9ment \u00e0 la loi du 6 janvier 1978 relative \u00e0 l\u2019informatique, aux fichiers et aux libert\u00e9s.<\/p>\n<p>Pour exercer ce droit vous pouvez nous joindre soit :<\/p>\n<p>&#8211; Au travers du formulaire contact du pr\u00e9sent site Internet<\/p>\n<p>&#8211; Par adresse postale :<\/p>\n<p>Est Ensemble<br \/>\n100 avenue Gaston-Roussel<br \/>\n93232 Romainville cedex<br \/>\nTel : 01 79 64 54 54<\/p>\n<p>&nbsp;<\/p>\n<h2>Droit de reproduction du logo<\/h2>\n<p>Le logo \u00ab Est Ensemble &#8211; Grand Paris \u00bb est la propri\u00e9t\u00e9 d&rsquo;Est Ensemble. Toute utilisation est interdite sauf autorisation \u00e9crite.<\/p>\n<p>&nbsp;<\/p>\n<h2><\/h2>\n<h2>Contact<\/h2>\n<p>Est Ensemble est \u00e0 votre disposition pour tous vos commentaires, remarques et suggestions.<\/p>\n<p>Vous pouvez nous \u00e9crire au travers du formulaire\u00a0<a href=\"https:\/\/pepinieres-entreprises.est-ensemble.fr\/montreuil\/contact\/\">Contact<\/a> du pr\u00e9sent site.<\/p>\n","protected":false},"excerpt":{"rendered":"<p>H\u00e9bergement VULTR (vultr.com) 100 Matawan Rd Suite 420 Matawan, NJ 07747,\u00a0USA Maintenu par : EDLEFEBVRE EURL 5 rue Emile Masqueray 76100 ROUEN &nbsp; D\u00e9claration \u00e0 la CNIL Le site internet P\u00e9pini\u00e8re d&rsquo;entreprises d\u2019Est Ensemble entre dans le cadre de la dispense n\u00b07 (ancienne norme simplifi\u00e9e n\u00b015) concernant les traitements de donn\u00e9es personnelles mis en \u0153uvre&#8230;<\/p>\n","protected":false},"author":1,"featured_media":0,"parent":0,"menu_order":6,"comment_status":"closed","ping_status":"closed","template":"","meta":{"_acf_changed":false,"footnotes":""},"class_list":["post-33","page","type-page","status-publish","hentry"],"acf":[],"_links":{"self":[{"href":"https:\/\/pepinieres-entreprises.est-ensemble.fr\/montreuil\/wp-json\/wp\/v2\/pages\/33","targetHints":{"allow":["GET"]}}],"collection":[{"href":"https:\/\/pepinieres-entreprises.est-ensemble.fr\/montreuil\/wp-json\/wp\/v2\/pages"}],"about":[{"href":"https:\/\/pepinieres-entreprises.est-ensemble.fr\/montreuil\/wp-json\/wp\/v2\/types\/page"}],"author":[{"embeddable":true,"href":"https:\/\/pepinieres-entreprises.est-ensemble.fr\/montreuil\/wp-json\/wp\/v2\/users\/1"}],"replies":[{"embeddable":true,"href":"https:\/\/pepinieres-entreprises.est-ensemble.fr\/montreuil\/wp-json\/wp\/v2\/comments?post=33"}],"version-history":[{"count":5,"href":"https:\/\/pepinieres-entreprises.est-ensemble.fr\/montreuil\/wp-json\/wp\/v2\/pages\/33\/revisions"}],"predecessor-version":[{"id":1458,"href":"https:\/\/pepinieres-entreprises.est-ensemble.fr\/montreuil\/wp-json\/wp\/v2\/pages\/33\/revisions\/1458"}],"wp:attachment":[{"href":"https:\/\/pepinieres-entreprises.est-ensemble.fr\/montreuil\/wp-json\/wp\/v2\/media?parent=33"}],"curies":[{"name":"wp","href":"https:\/\/api.w.org\/{rel}","templated":true}]}}