{"id":12,"date":"2017-03-17T11:23:17","date_gmt":"2017-03-17T10:23:17","guid":{"rendered":"https:\/\/pepinieres-entreprises.est-ensemble.fr\/bondy\/?page_id=12"},"modified":"2025-04-15T12:11:15","modified_gmt":"2025-04-15T10:11:15","slug":"laccompagnement","status":"publish","type":"page","link":"https:\/\/pepinieres-entreprises.est-ensemble.fr\/bondy\/laccompagnement\/","title":{"rendered":"ACCOMPAGNEMENT"},"content":{"rendered":"<h1>Accompagner le d\u00e9veloppement de chaque projet<\/h1>\n<p>Un accompagnement et un suivi r\u00e9gulier de la strat\u00e9gie et de l\u2019activit\u00e9 de l\u2019entreprise sont propos\u00e9s \u00e0 tous les dirigeants en partenariat avec la Chambre de commerce et d\u2019industrie de Seine-Saint- Denis, la Chambre des m\u00e9tiers et un r\u00e9seau d\u2019experts.<\/p>\n","protected":false},"excerpt":{"rendered":"<p>Accompagner le d\u00e9veloppement de chaque projet Un accompagnement et un suivi r\u00e9gulier de la strat\u00e9gie et de l\u2019activit\u00e9 de l\u2019entreprise sont propos\u00e9s \u00e0 tous les dirigeants en partenariat avec la Chambre de commerce et d\u2019industrie de Seine-Saint- Denis, la Chambre des m\u00e9tiers et un r\u00e9seau d\u2019experts.<\/p>\n","protected":false},"author":1,"featured_media":213,"parent":0,"menu_order":4,"comment_status":"closed","ping_status":"closed","template":"","meta":{"_acf_changed":false,"footnotes":""},"class_list":["post-12","page","type-page","status-publish","has-post-thumbnail","hentry"],"acf":[],"_links":{"self":[{"href":"https:\/\/pepinieres-entreprises.est-ensemble.fr\/bondy\/wp-json\/wp\/v2\/pages\/12","targetHints":{"allow":["GET"]}}],"collection":[{"href":"https:\/\/pepinieres-entreprises.est-ensemble.fr\/bondy\/wp-json\/wp\/v2\/pages"}],"about":[{"href":"https:\/\/pepinieres-entreprises.est-ensemble.fr\/bondy\/wp-json\/wp\/v2\/types\/page"}],"author":[{"embeddable":true,"href":"https:\/\/pepinieres-entreprises.est-ensemble.fr\/bondy\/wp-json\/wp\/v2\/users\/1"}],"replies":[{"embeddable":true,"href":"https:\/\/pepinieres-entreprises.est-ensemble.fr\/bondy\/wp-json\/wp\/v2\/comments?post=12"}],"version-history":[{"count":5,"href":"https:\/\/pepinieres-entreprises.est-ensemble.fr\/bondy\/wp-json\/wp\/v2\/pages\/12\/revisions"}],"predecessor-version":[{"id":399,"href":"https:\/\/pepinieres-entreprises.est-ensemble.fr\/bondy\/wp-json\/wp\/v2\/pages\/12\/revisions\/399"}],"wp:featuredmedia":[{"embeddable":true,"href":"https:\/\/pepinieres-entreprises.est-ensemble.fr\/bondy\/wp-json\/wp\/v2\/media\/213"}],"wp:attachment":[{"href":"https:\/\/pepinieres-entreprises.est-ensemble.fr\/bondy\/wp-json\/wp\/v2\/media?parent=12"}],"curies":[{"name":"wp","href":"https:\/\/api.w.org\/{rel}","templated":true}]}}